{"id":1737,"date":"2020-01-09T06:52:07","date_gmt":"2020-01-09T06:52:07","guid":{"rendered":"http:\/\/alpenrose-sellrain.com\/?page_id=1737"},"modified":"2020-01-09T20:32:45","modified_gmt":"2020-01-09T20:32:45","slug":"winter","status":"publish","type":"page","link":"https:\/\/alpenrose-sellrain.com\/it\/winter\/","title":{"rendered":"Winter"},"content":{"rendered":"\n<style type=\"text\/css\" data-created_by=\"avia_inline_auto\" id=\"style-css-av-5uoyre-59608a37d53d5611ea54c1b4417018d3\">\n.avia-section.av-5uoyre-59608a37d53d5611ea54c1b4417018d3{\nbackground-repeat:no-repeat;\nbackground-image:url(https:\/\/alpenrose-sellrain.com\/wp-content\/uploads\/2018\/08\/oostenrijk.jpg);\nbackground-position:50% 50%;\nbackground-attachment:scroll;\n}\n<\/style>\n<div id='av_section_1'  class='avia-section av-5uoyre-59608a37d53d5611ea54c1b4417018d3 main_color avia-section-default avia-no-shadow  avia-builder-el-0  el_before_av_section  avia-builder-el-first  avia-full-stretch avia-bg-style-scroll av-minimum-height av-minimum-height-custom av-height-custom  container_wrap fullsize'  data-section-bg-repeat='stretch' data-av_minimum_height_px='350'><div class='container av-section-cont-open' style='height:350px'><main  role=\"main\" itemprop=\"mainContentOfPage\"  class='template-page content  av-content-full alpha units'><div class='post-entry post-entry-type-page post-entry-1737'><div class='entry-content-wrapper clearfix'>\n<\/div><\/div><\/main><!-- close content main element --><\/div><\/div><div id='av_section_2'  class='avia-section av-5p8hgi-335ee7b31429082f25e6fe2b164833d2 main_color avia-section-huge avia-no-border-styling  avia-builder-el-1  el_after_av_section  el_before_av_layout_row  avia-bg-style-scroll container_wrap fullsize'  ><div class='container av-section-cont-open' ><div class='template-page content  av-content-full alpha units'><div class='post-entry post-entry-type-page post-entry-1737'><div class='entry-content-wrapper clearfix'>\n\n<style type=\"text\/css\" data-created_by=\"avia_inline_auto\" id=\"style-css-av-5ix84q-f0f09516ea7726f1fc1af2303e59ab41\">\n#top .flex_column.av-5ix84q-f0f09516ea7726f1fc1af2303e59ab41{\nmargin-top:0px;\nmargin-bottom:0px;\n}\n.flex_column.av-5ix84q-f0f09516ea7726f1fc1af2303e59ab41{\nborder-radius:0px 0px 0px 0px;\npadding:30px 30px 30px 30px;\nbackground-color:#ffffff;\n}\n.responsive #top #wrap_all .flex_column.av-5ix84q-f0f09516ea7726f1fc1af2303e59ab41{\nmargin-top:0px;\nmargin-bottom:0px;\n}\n<\/style>\n<div  class='flex_column av-5ix84q-f0f09516ea7726f1fc1af2303e59ab41 av_one_full  avia-builder-el-2  el_before_av_hr  avia-builder-el-first  first flex_column_div  '     ><style type=\"text\/css\" data-created_by=\"avia_inline_auto\" id=\"style-css-av-k576tx2j-b3066ae04584d58dfb55b99cda8ce707\">\n#top .av-special-heading.av-k576tx2j-b3066ae04584d58dfb55b99cda8ce707{\npadding-bottom:20px;\nfont-size:40px;\n}\nbody .av-special-heading.av-k576tx2j-b3066ae04584d58dfb55b99cda8ce707 .av-special-heading-tag .heading-char{\nfont-size:25px;\n}\n#top #wrap_all .av-special-heading.av-k576tx2j-b3066ae04584d58dfb55b99cda8ce707 .av-special-heading-tag{\nfont-size:40px;\n}\n.av-special-heading.av-k576tx2j-b3066ae04584d58dfb55b99cda8ce707 .av-subheading{\nfont-size:15px;\n}\n\n@media only screen and (min-width: 480px) and (max-width: 767px){ \n#top #wrap_all .av-special-heading.av-k576tx2j-b3066ae04584d58dfb55b99cda8ce707 .av-special-heading-tag{\nfont-size:0.8em;\n}\n}\n\n@media only screen and (max-width: 479px){ \n#top #wrap_all .av-special-heading.av-k576tx2j-b3066ae04584d58dfb55b99cda8ce707 .av-special-heading-tag{\nfont-size:0.8em;\n}\n}\n<\/style>\n<div  class='av-special-heading av-k576tx2j-b3066ae04584d58dfb55b99cda8ce707 av-special-heading-h1 blockquote modern-quote modern-centered  avia-builder-el-3  avia-builder-el-no-sibling  av-inherit-size'><h1 class='av-special-heading-tag '  itemprop=\"headline\"  >Inverno<\/h1><div class=\"special-heading-border\"><div class=\"special-heading-inner-border\"><\/div><\/div><\/div><\/div>\n<style type=\"text\/css\" data-created_by=\"avia_inline_auto\" id=\"style-css-av-5aa3ii-547fb32de24c66b28918d9458f7bc6dd\">\n#top .hr.av-5aa3ii-547fb32de24c66b28918d9458f7bc6dd{\nmargin-top:0px;\nmargin-bottom:70px;\n}\n.hr.av-5aa3ii-547fb32de24c66b28918d9458f7bc6dd .hr-inner{\nwidth:50px;\nborder-color:#f8f8f8;\nmax-width:45%;\n}\n.hr.av-5aa3ii-547fb32de24c66b28918d9458f7bc6dd .av-seperator-icon{\ncolor:#e5c80c;\n}\n.hr.av-5aa3ii-547fb32de24c66b28918d9458f7bc6dd .av-seperator-icon.avia-svg-icon svg:first-child{\nfill:#e5c80c;\nstroke:#e5c80c;\n}\n<\/style>\n<div  class='hr av-5aa3ii-547fb32de24c66b28918d9458f7bc6dd hr-custom  avia-builder-el-4  el_after_av_one_full  el_before_av_one_half  hr-center hr-icon-yes'><span class='hr-inner inner-border-av-border-fat'><span class=\"hr-inner-style\"><\/span><\/span><span class='av-seperator-icon avia-iconfont avia-font-entypo-fontello' data-av_icon='\ue8ce' data-av_iconfont='entypo-fontello' ><\/span><span class='hr-inner inner-border-av-border-fat'><span class=\"hr-inner-style\"><\/span><\/span><\/div>\n\n<style type=\"text\/css\" data-created_by=\"avia_inline_auto\" id=\"style-css-av-ia15u-13c86fbd02f94102d89c9111f7f0b5a6\">\n.flex_column.av-ia15u-13c86fbd02f94102d89c9111f7f0b5a6{\nborder-radius:0px 0px 0px 0px;\npadding:0px 0px 0px 0px;\n}\n<\/style>\n<div  class='flex_column av-ia15u-13c86fbd02f94102d89c9111f7f0b5a6 av_one_half  avia-builder-el-5  el_after_av_hr  el_before_av_one_half  first flex_column_div av-animated-generic bottom-to-top av-zero-column-padding  '     ><section  class='av_textblock_section av-4s9lu2-f945338d880a7b9cea0bdb7162c96f5e '   itemscope=\"itemscope\" itemtype=\"https:\/\/schema.org\/CreativeWork\" ><div class='avia_textblock'  itemprop=\"text\" ><p>Nelle immediate vicinanze abbiamo due compresori sciistici, K\u00fchtai e Hoch\u00f6tz, ambedue sono accessibili con un unico Ski-Pass. K\u00fchtai \u00e8 il villaggio sciistico a maggior quota di tutta l\u2018Austria. La stagione sciistica si estende da Dicembre fino ad inizio Maggio. Oltre sciare e fare lo snowboard abbiamo una pista da fondo ed una pista per slittini direttamente nel nostro villaggio alpino ed altre piste da fondo e piste per slittini nelle immediate vicinanze. Il ressort sciistico K\u00fchtai \u00e8 situato a 2020 metri di altezza e raggiunge i 2520 metri di altezza. Il comprensorio sciistico \u00e8 raggiungibile in appena 10 minuti con un comodo bus-navetta con stazione di partenza a soli 50 metri dalla nostra pensione. Naturalmente potete anche raggiungere il comprensorio sciistico con la Vostra automobile ed inoltre ogni Mercoled\u00ec e Sabato le piste (3 Km) sono aperte ed illuminate per lo sci notturno.<\/p>\n<\/div><\/section><\/div>\n<style type=\"text\/css\" data-created_by=\"avia_inline_auto\" id=\"style-css-av-4ll3nm-c23dfa45f578337d3b12d13848f09732\">\n.flex_column.av-4ll3nm-c23dfa45f578337d3b12d13848f09732{\nborder-radius:0px 0px 0px 0px;\npadding:0px 0px 0px 0px;\n}\n<\/style>\n<div  class='flex_column av-4ll3nm-c23dfa45f578337d3b12d13848f09732 av_one_half  avia-builder-el-7  el_after_av_one_half  avia-builder-el-last  flex_column_div av-animated-generic bottom-to-top av-zero-column-padding  '     ><section  class='av_textblock_section av-4ab702-43020863a0a337803fd5d194176257f7 '   itemscope=\"itemscope\" itemtype=\"https:\/\/schema.org\/CreativeWork\" ><div class='avia_textblock'  itemprop=\"text\" ><p><span lang=\"DE\">Anche St. Sigmund ha una pista per slittini illuminata nelle immediate vicinanze della malga di Gleirsch (Gleirschalm) nella valle di Gleirsch. La pista per slittini \u00e8 particolarmente adatta per genitori con bambini e quasi alla fine della pista per slittini \u00e8 stata creata un area di giuoco dove i genitori si possono riposare con uno spuntino ed una bevanda ed osservare la prole durante i\u00a0<\/span>loro giuochi.<br \/>\nVi ricordiamo inoltre che la vallata di Sellrain \u00e8 famosa per le sue possibilit\u00e0 di scialpinismo con innumerevoli mete ad alta quota.<\/p>\n<\/div><\/section><\/div><\/div><\/div><\/div><!-- close content main div --><\/div><\/div><div id='av-layout-grid-1'  class='av-layout-grid-container av-443rsi-3430a35146961d83c8d6289fb3094945 entry-content-wrapper main_color av-flex-cells  avia-builder-el-9  el_after_av_section  el_before_av_one_full  grid-row-not-first  container_wrap fullsize'  >\n\n<style type=\"text\/css\" data-created_by=\"avia_inline_auto\" id=\"style-css-av-3vot5m-d58131289107081092ac317e8d876cf2\">\n.flex_cell.av-3vot5m-d58131289107081092ac317e8d876cf2{\nvertical-align:top;\nheight:400px;\nmin-height:400px;\nbackground:url(https:\/\/alpenrose-sellrain.com\/wp-content\/uploads\/2018\/08\/91589534.jpg) 50% 100% no-repeat scroll ;\n}\n.responsive #top #wrap_all .flex_cell.av-3vot5m-d58131289107081092ac317e8d876cf2{\npadding:30px 30px 30px 30px !important;\n}\n<\/style>\n<div class='flex_cell av-3vot5m-d58131289107081092ac317e8d876cf2 av-gridrow-cell av_one_half no_margin  avia-builder-el-10  el_before_av_cell_one_half  avia-builder-el-first  content-align-top avia-full-stretch'  ><div class='flex_cell_inner'><\/div><\/div>\n<style type=\"text\/css\" data-created_by=\"avia_inline_auto\" id=\"style-css-av-3qtahe-0feaf5b079651c6b1c346e2cc98518f6\">\n.flex_cell.av-3qtahe-0feaf5b079651c6b1c346e2cc98518f6{\nvertical-align:top;\nheight:400px;\nmin-height:400px;\nbackground:url(https:\/\/alpenrose-sellrain.com\/wp-content\/uploads\/2018\/08\/91379879.jpg) 50% 50% no-repeat scroll ;\n}\n.responsive #top #wrap_all .flex_cell.av-3qtahe-0feaf5b079651c6b1c346e2cc98518f6{\npadding:30px 30px 30px 30px !important;\n}\n<\/style>\n<div class='flex_cell av-3qtahe-0feaf5b079651c6b1c346e2cc98518f6 av-gridrow-cell av_one_half no_margin  avia-builder-el-11  el_after_av_cell_one_half  avia-builder-el-last  content-align-top avia-full-stretch'  ><div class='flex_cell_inner'><\/div><\/div>\n<\/div><div id='after_grid_row_1'  class='main_color av_default_container_wrap container_wrap fullsize'  ><div class='container av-section-cont-open' ><div class='template-page content  av-content-full alpha units'><div class='post-entry post-entry-type-page post-entry-1737'><div class='entry-content-wrapper clearfix'><\/p>\n\n<style type=\"text\/css\" data-created_by=\"avia_inline_auto\" id=\"style-css-av-5ix84q-f0f09516ea7726f1fc1af2303e59ab41\">\n#top .flex_column.av-5ix84q-f0f09516ea7726f1fc1af2303e59ab41{\nmargin-top:0px;\nmargin-bottom:0px;\n}\n.flex_column.av-5ix84q-f0f09516ea7726f1fc1af2303e59ab41{\nborder-radius:0px 0px 0px 0px;\npadding:30px 30px 30px 30px;\nbackground-color:#ffffff;\n}\n.responsive #top #wrap_all .flex_column.av-5ix84q-f0f09516ea7726f1fc1af2303e59ab41{\nmargin-top:0px;\nmargin-bottom:0px;\n}\n<\/style>\n<div  class='flex_column av-5ix84q-f0f09516ea7726f1fc1af2303e59ab41 av_one_full  avia-builder-el-12  el_after_av_layout_row  el_before_av_hr  avia-builder-el-first  first flex_column_div  '     ><style type=\"text\/css\" data-created_by=\"avia_inline_auto\" id=\"style-css-av-jl3y7pdq-682ebbc16986a82873562e434df6aa26\">\n#top .av-special-heading.av-jl3y7pdq-682ebbc16986a82873562e434df6aa26{\npadding-bottom:20px;\nfont-size:40px;\n}\nbody .av-special-heading.av-jl3y7pdq-682ebbc16986a82873562e434df6aa26 .av-special-heading-tag .heading-char{\nfont-size:25px;\n}\n#top #wrap_all .av-special-heading.av-jl3y7pdq-682ebbc16986a82873562e434df6aa26 .av-special-heading-tag{\nfont-size:40px;\n}\n.av-special-heading.av-jl3y7pdq-682ebbc16986a82873562e434df6aa26 .av-subheading{\nfont-size:15px;\n}\n\n@media only screen and (min-width: 480px) and (max-width: 767px){ \n#top #wrap_all .av-special-heading.av-jl3y7pdq-682ebbc16986a82873562e434df6aa26 .av-special-heading-tag{\nfont-size:0.8em;\n}\n}\n\n@media only screen and (max-width: 479px){ \n#top #wrap_all .av-special-heading.av-jl3y7pdq-682ebbc16986a82873562e434df6aa26 .av-special-heading-tag{\nfont-size:0.8em;\n}\n}\n<\/style>\n<div  class='av-special-heading av-jl3y7pdq-682ebbc16986a82873562e434df6aa26 av-special-heading-h1 blockquote modern-quote modern-centered  avia-builder-el-13  avia-builder-el-no-sibling  av-inherit-size'><h1 class='av-special-heading-tag '  itemprop=\"headline\"  >Tot ziens in ons pension?<\/h1><div class=\"special-heading-border\"><div class=\"special-heading-inner-border\"><\/div><\/div><\/div><\/div>\n\n<style type=\"text\/css\" data-created_by=\"avia_inline_auto\" id=\"style-css-av-5aa3ii-547fb32de24c66b28918d9458f7bc6dd\">\n#top .hr.av-5aa3ii-547fb32de24c66b28918d9458f7bc6dd{\nmargin-top:0px;\nmargin-bottom:70px;\n}\n.hr.av-5aa3ii-547fb32de24c66b28918d9458f7bc6dd .hr-inner{\nwidth:50px;\nborder-color:#f8f8f8;\nmax-width:45%;\n}\n.hr.av-5aa3ii-547fb32de24c66b28918d9458f7bc6dd .av-seperator-icon{\ncolor:#e5c80c;\n}\n.hr.av-5aa3ii-547fb32de24c66b28918d9458f7bc6dd .av-seperator-icon.avia-svg-icon svg:first-child{\nfill:#e5c80c;\nstroke:#e5c80c;\n}\n<\/style>\n<div  class='hr av-5aa3ii-547fb32de24c66b28918d9458f7bc6dd hr-custom  avia-builder-el-14  el_after_av_one_full  el_before_av_one_full  hr-center hr-icon-yes'><span class='hr-inner inner-border-av-border-fat'><span class=\"hr-inner-style\"><\/span><\/span><span class='av-seperator-icon avia-iconfont avia-font-entypo-fontello' data-av_icon='\ue8ce' data-av_iconfont='entypo-fontello' ><\/span><span class='hr-inner inner-border-av-border-fat'><span class=\"hr-inner-style\"><\/span><\/span><\/div>\n\n<style type=\"text\/css\" data-created_by=\"avia_inline_auto\" id=\"style-css-av-1kykc2-57f56b19ced0f8cb65b6ce02d7fa0454\">\n.flex_column.av-1kykc2-57f56b19ced0f8cb65b6ce02d7fa0454{\nborder-radius:0px 0px 0px 0px;\npadding:0px 0px 0px 0px;\n}\n<\/style>\n<div  class='flex_column av-1kykc2-57f56b19ced0f8cb65b6ce02d7fa0454 av_one_full  avia-builder-el-15  el_after_av_hr  el_before_av_one_full  first flex_column_div av-animated-generic bottom-to-top av-zero-column-padding  '     ><section  class='av_textblock_section av-1am45m-98b9752c6bd417800b6930294e53a6de '   itemscope=\"itemscope\" itemtype=\"https:\/\/schema.org\/CreativeWork\" ><div class='avia_textblock'  itemprop=\"text\" ><p style=\"text-align: center;\">Wij hopen u in ons pension te mogen ontvangen waar wij ons uiterste best doen<br \/>\nom u een onvergetelijke vakantie te bezorgen.<\/p>\n<p style=\"text-align: center;\"><em>Het Alpenrose team<\/em><\/p>\n<\/div><\/section><\/div>\n\n<style type=\"text\/css\" data-created_by=\"avia_inline_auto\" id=\"style-css-av-skt5m-30bdaabf160592e2ad763ce4019bbf7d\">\n.flex_column.av-skt5m-30bdaabf160592e2ad763ce4019bbf7d{\nborder-radius:0px 0px 0px 0px;\npadding:0px 0px 0px 0px;\n}\n<\/style>\n<div  class='flex_column av-skt5m-30bdaabf160592e2ad763ce4019bbf7d av_one_full  avia-builder-el-17  el_after_av_one_full  avia-builder-el-last  first flex_column_div av-animated-generic bottom-to-top av-zero-column-padding  column-top-margin'     ><style type=\"text\/css\" data-created_by=\"avia_inline_auto\" id=\"style-css-av-kafn6-71d6d36f0e7ccd588522379c660cb8bf\">\n.avia-image-container.av-kafn6-71d6d36f0e7ccd588522379c660cb8bf img.avia_image{\nbox-shadow:none;\n}\n.avia-image-container.av-kafn6-71d6d36f0e7ccd588522379c660cb8bf .av-image-caption-overlay-center{\ncolor:#ffffff;\n}\n<\/style>\n<div  class='avia-image-container av-kafn6-71d6d36f0e7ccd588522379c660cb8bf av-styling-no-styling avia-align-center  avia-builder-el-18  avia-builder-el-no-sibling '   itemprop=\"image\" itemscope=\"itemscope\" itemtype=\"https:\/\/schema.org\/ImageObject\" ><div class=\"avia-image-container-inner\"><div class=\"avia-image-overlay-wrap\"><img decoding=\"async\" fetchpriority=\"high\" class='wp-image-1800 avia-img-lazy-loading-not-1800 avia_image ' src=\"https:\/\/alpenrose-sellrain.com\/wp-content\/uploads\/2018\/08\/handtekening-1.png\" alt='' title=''  height=\"111\" width=\"300\"  itemprop=\"thumbnailUrl\" srcset=\"https:\/\/alpenrose-sellrain.com\/wp-content\/uploads\/2018\/08\/handtekening-1.png 1459w, https:\/\/alpenrose-sellrain.com\/wp-content\/uploads\/2018\/08\/handtekening-1-600x223.png 600w\" sizes=\"(max-width: 300px) 100vw, 300px\" \/><\/div><\/div><\/div><\/div>\n","protected":false},"excerpt":{"rendered":"","protected":false},"author":1,"featured_media":0,"parent":0,"menu_order":0,"comment_status":"closed","ping_status":"closed","template":"","meta":{"footnotes":""},"class_list":["post-1737","page","type-page","status-publish","hentry"],"_links":{"self":[{"href":"https:\/\/alpenrose-sellrain.com\/it\/wp-json\/wp\/v2\/pages\/1737","targetHints":{"allow":["GET"]}}],"collection":[{"href":"https:\/\/alpenrose-sellrain.com\/it\/wp-json\/wp\/v2\/pages"}],"about":[{"href":"https:\/\/alpenrose-sellrain.com\/it\/wp-json\/wp\/v2\/types\/page"}],"author":[{"embeddable":true,"href":"https:\/\/alpenrose-sellrain.com\/it\/wp-json\/wp\/v2\/users\/1"}],"replies":[{"embeddable":true,"href":"https:\/\/alpenrose-sellrain.com\/it\/wp-json\/wp\/v2\/comments?post=1737"}],"version-history":[{"count":0,"href":"https:\/\/alpenrose-sellrain.com\/it\/wp-json\/wp\/v2\/pages\/1737\/revisions"}],"wp:attachment":[{"href":"https:\/\/alpenrose-sellrain.com\/it\/wp-json\/wp\/v2\/media?parent=1737"}],"curies":[{"name":"wp","href":"https:\/\/api.w.org\/{rel}","templated":true}]}}